{"id":10557,"date":"2022-01-06T08:39:19","date_gmt":"2022-01-06T07:39:19","guid":{"rendered":"https:\/\/www.rentsomefun.be\/conditions-generales\/"},"modified":"2025-12-21T21:19:31","modified_gmt":"2025-12-21T20:19:31","slug":"conditions-generales","status":"publish","type":"page","link":"https:\/\/www.rentsomefun.be\/fr\/conditions-generales\/","title":{"rendered":"Conditions G\u00e9n\u00e9rales"},"content":{"rendered":"\t\t<div data-elementor-type=\"wp-page\" data-elementor-id=\"10557\" class=\"elementor elementor-10557 elementor-150\" data-elementor-post-type=\"page\">\n\t\t\t\t\t\t<section class=\"elementor-section elementor-top-section elementor-element elementor-element-e59bb94 elementor-section-content-middle elementor-section-height-min-height elementor-section-items-stretch dev-overflow-hidden elementor-reverse-mobile elementor-section-boxed elementor-section-height-default\" data-id=\"e59bb94\" data-element_type=\"section\" data-e-type=\"section\" data-settings=\"{&quot;background_background&quot;:&quot;classic&quot;}\">\n\t\t\t\t\t\t\t<div class=\"elementor-background-overlay\"><\/div>\n\t\t\t\t\t\t\t<div class=\"elementor-container elementor-column-gap-default\">\n\t\t\t\t\t<div class=\"elementor-column elementor-col-50 elementor-top-column elementor-element elementor-element-419ed55\" data-id=\"419ed55\" data-element_type=\"column\" data-e-type=\"column\">\n\t\t\t<div class=\"elementor-widget-wrap elementor-element-populated\">\n\t\t\t\t\t\t<div class=\"elementor-element elementor-element-898f345 elementor-widget elementor-widget-heading\" data-id=\"898f345\" data-element_type=\"widget\" data-e-type=\"widget\" data-widget_type=\"heading.default\">\n\t\t\t\t<div class=\"elementor-widget-container\">\n\t\t\t\t\t<h1 class=\"elementor-heading-title elementor-size-default\">Conditions G\u00e9n\u00e9rales<\/h1>\t\t\t\t<\/div>\n\t\t\t\t<\/div>\n\t\t\t\t<div class=\"elementor-element elementor-element-ca56e20 elementor-widget elementor-widget-text-editor\" data-id=\"ca56e20\" data-element_type=\"widget\" data-e-type=\"widget\" data-widget_type=\"text-editor.default\">\n\t\t\t\t<div class=\"elementor-widget-container\">\n\t\t\t\t\t\t\t\t\t<p>Les conditions g\u00e9n\u00e9rales seront jointes \u00e0 chaque offre et facture. Si vous avez une question concernant ces conditions, n&rsquo;h\u00e9sitez pas \u00e0 nous contacter via&nbsp;: <a href=\"mailto:info@rentsomefun.be\">info@rentsomefun.be<\/a>.  <\/p>\t\t\t\t\t\t\t\t<\/div>\n\t\t\t\t<\/div>\n\t\t\t\t<section class=\"elementor-section elementor-inner-section elementor-element elementor-element-8cc4a1d elementor-section-boxed elementor-section-height-default elementor-section-height-default\" data-id=\"8cc4a1d\" data-element_type=\"section\" data-e-type=\"section\">\n\t\t\t\t\t\t<div class=\"elementor-container elementor-column-gap-default\">\n\t\t\t\t\t<div class=\"elementor-column elementor-col-100 elementor-inner-column elementor-element elementor-element-18e75d1\" data-id=\"18e75d1\" data-element_type=\"column\" data-e-type=\"column\">\n\t\t\t<div class=\"elementor-widget-wrap elementor-element-populated\">\n\t\t\t\t\t\t<div class=\"elementor-element elementor-element-2010c56 elementor-widget__width-auto elementor-widget elementor-widget-heading\" data-id=\"2010c56\" data-element_type=\"widget\" data-e-type=\"widget\" data-widget_type=\"heading.default\">\n\t\t\t\t<div class=\"elementor-widget-container\">\n\t\t\t\t\t<p class=\"elementor-heading-title elementor-size-default\">T\u00e9l\u00e9charger les conditions g\u00e9n\u00e9rales&nbsp;:<\/p>\t\t\t\t<\/div>\n\t\t\t\t<\/div>\n\t\t\t\t<div class=\"elementor-element elementor-element-f0424f9 elementor-align-left elementor-mobile-align-left elementor-widget__width-auto elementor-widget elementor-widget-button\" data-id=\"f0424f9\" data-element_type=\"widget\" data-e-type=\"widget\" data-widget_type=\"button.default\">\n\t\t\t\t<div class=\"elementor-widget-container\">\n\t\t\t\t\t\t\t\t\t<div class=\"elementor-button-wrapper\">\n\t\t\t\t\t<a class=\"elementor-button elementor-button-link elementor-size-sm\" href=\"https:\/\/www.rentsomefun.be\/wp-content\/uploads\/2024\/01\/Algemene-voorwaarden-2024-NL.pdf\" target=\"_blank\">\n\t\t\t\t\t\t<span class=\"elementor-button-content-wrapper\">\n\t\t\t\t\t\t\t\t\t<span class=\"elementor-button-text\">NL<\/span>\n\t\t\t\t\t<\/span>\n\t\t\t\t\t<\/a>\n\t\t\t\t<\/div>\n\t\t\t\t\t\t\t\t<\/div>\n\t\t\t\t<\/div>\n\t\t\t\t<div class=\"elementor-element elementor-element-c571e82 elementor-align-left elementor-mobile-align-left elementor-widget__width-auto elementor-widget elementor-widget-button\" data-id=\"c571e82\" data-element_type=\"widget\" data-e-type=\"widget\" data-widget_type=\"button.default\">\n\t\t\t\t<div class=\"elementor-widget-container\">\n\t\t\t\t\t\t\t\t\t<div class=\"elementor-button-wrapper\">\n\t\t\t\t\t<a class=\"elementor-button elementor-button-link elementor-size-sm\" href=\"https:\/\/www.rentsomefun.be\/wp-content\/uploads\/2024\/01\/Algemene-voorwaarden-2024-FR.pdf\" target=\"_blank\">\n\t\t\t\t\t\t<span class=\"elementor-button-content-wrapper\">\n\t\t\t\t\t\t\t\t\t<span class=\"elementor-button-text\">FR<\/span>\n\t\t\t\t\t<\/span>\n\t\t\t\t\t<\/a>\n\t\t\t\t<\/div>\n\t\t\t\t\t\t\t\t<\/div>\n\t\t\t\t<\/div>\n\t\t\t\t<div class=\"elementor-element elementor-element-e26905a elementor-align-left elementor-mobile-align-left elementor-widget__width-auto elementor-widget elementor-widget-button\" data-id=\"e26905a\" data-element_type=\"widget\" data-e-type=\"widget\" data-widget_type=\"button.default\">\n\t\t\t\t<div class=\"elementor-widget-container\">\n\t\t\t\t\t\t\t\t\t<div class=\"elementor-button-wrapper\">\n\t\t\t\t\t<a class=\"elementor-button elementor-button-link elementor-size-sm\" href=\"https:\/\/www.rentsomefun.be\/wp-content\/uploads\/2024\/01\/Algemene-voorwaarden-2024-EN.pdf\" target=\"_blank\">\n\t\t\t\t\t\t<span class=\"elementor-button-content-wrapper\">\n\t\t\t\t\t\t\t\t\t<span class=\"elementor-button-text\">EN<\/span>\n\t\t\t\t\t<\/span>\n\t\t\t\t\t<\/a>\n\t\t\t\t<\/div>\n\t\t\t\t\t\t\t\t<\/div>\n\t\t\t\t<\/div>\n\t\t\t\t\t<\/div>\n\t\t<\/div>\n\t\t\t\t\t<\/div>\n\t\t<\/section>\n\t\t\t\t\t<\/div>\n\t\t<\/div>\n\t\t\t\t<div class=\"elementor-column elementor-col-50 elementor-top-column elementor-element elementor-element-235ab9c\" data-id=\"235ab9c\" data-element_type=\"column\" data-e-type=\"column\" data-settings=\"{&quot;background_background&quot;:&quot;classic&quot;}\">\n\t\t\t<div class=\"elementor-widget-wrap elementor-element-populated\">\n\t\t\t\t\t\t<div class=\"elementor-element elementor-element-f631eb3 elementor-widget elementor-widget-image\" data-id=\"f631eb3\" data-element_type=\"widget\" data-e-type=\"widget\" fetchpriority=\"high\" loading=\"eager\" data-widget_type=\"image.default\">\n\t\t\t\t<div class=\"elementor-widget-container\">\n\t\t\t\t\t\t\t\t\t\t\t\t\t\t\t<img fetchpriority=\"high\" decoding=\"async\" width=\"683\" height=\"1024\" src=\"https:\/\/www.rentsomefun.be\/wp-content\/uploads\/2025\/09\/Rent-Some-Fun-team-begeleiders-683x1024.webp\" class=\"attachment-large size-large wp-image-9846\" alt=\"Accompagnateurs d&#039;\u00e9quipe Rent Some Fun\" srcset=\"https:\/\/www.rentsomefun.be\/wp-content\/uploads\/2025\/09\/Rent-Some-Fun-team-begeleiders-683x1024.webp 683w, https:\/\/www.rentsomefun.be\/wp-content\/uploads\/2025\/09\/Rent-Some-Fun-team-begeleiders-200x300.webp 200w, https:\/\/www.rentsomefun.be\/wp-content\/uploads\/2025\/09\/Rent-Some-Fun-team-begeleiders.webp 720w\" sizes=\"(max-width: 683px) 100vw, 683px\" \/>\t\t\t\t\t\t\t\t\t\t\t\t\t\t\t<\/div>\n\t\t\t\t<\/div>\n\t\t\t\t\t<\/div>\n\t\t<\/div>\n\t\t\t\t\t<\/div>\n\t\t<\/section>\n\t\t\t\t<\/div>\n\t\t","protected":false},"excerpt":{"rendered":"<p>Conditions G\u00e9n\u00e9rales Les conditions g\u00e9n\u00e9rales seront jointes \u00e0 chaque offre et facture. Si vous avez une question concernant ces conditions, n&rsquo;h\u00e9sitez pas \u00e0 nous contacter via&nbsp;: info@rentsomefun.be. T\u00e9l\u00e9charger les conditions g\u00e9n\u00e9rales&nbsp;: NL FR EN<\/p>\n","protected":false},"author":2,"featured_media":0,"parent":0,"menu_order":0,"comment_status":"closed","ping_status":"closed","template":"elementor_header_footer","meta":{"footnotes":""},"type-pagina":[],"class_list":["post-10557","page","type-page","status-publish","hentry"],"_links":{"self":[{"href":"https:\/\/www.rentsomefun.be\/fr\/wp-json\/wp\/v2\/pages\/10557","targetHints":{"allow":["GET"]}}],"collection":[{"href":"https:\/\/www.rentsomefun.be\/fr\/wp-json\/wp\/v2\/pages"}],"about":[{"href":"https:\/\/www.rentsomefun.be\/fr\/wp-json\/wp\/v2\/types\/page"}],"author":[{"embeddable":true,"href":"https:\/\/www.rentsomefun.be\/fr\/wp-json\/wp\/v2\/users\/2"}],"replies":[{"embeddable":true,"href":"https:\/\/www.rentsomefun.be\/fr\/wp-json\/wp\/v2\/comments?post=10557"}],"version-history":[{"count":1,"href":"https:\/\/www.rentsomefun.be\/fr\/wp-json\/wp\/v2\/pages\/10557\/revisions"}],"predecessor-version":[{"id":10558,"href":"https:\/\/www.rentsomefun.be\/fr\/wp-json\/wp\/v2\/pages\/10557\/revisions\/10558"}],"wp:attachment":[{"href":"https:\/\/www.rentsomefun.be\/fr\/wp-json\/wp\/v2\/media?parent=10557"}],"wp:term":[{"taxonomy":"type-pagina","embeddable":true,"href":"https:\/\/www.rentsomefun.be\/fr\/wp-json\/wp\/v2\/type-pagina?post=10557"}],"curies":[{"name":"wp","href":"https:\/\/api.w.org\/{rel}","templated":true}]}}